{"id":2,"date":"2013-11-06T11:55:36","date_gmt":"2013-11-06T11:55:36","guid":{"rendered":"http:\/\/crisolguin.com\/\/?page_id=2"},"modified":"2014-10-22T11:51:44","modified_gmt":"2014-10-22T14:51:44","slug":"pagina-ejemplo","status":"publish","type":"page","link":"http:\/\/crisolguin.com\/?page_id=2","title":{"rendered":"Biograf\u00eda"},"content":{"rendered":"<p><b>Cristina Andrea Olgu\u00edn<\/b><\/p>\n<address>En la casa donde vivo la puerta est\u00e1 abierta para conectar con la naturaleza y ver tambi\u00e9n la propia.Comenc\u00e9 pintando mi \u00e1rbol, un viejo algarrobo durante todo el a\u00f1o 2010. Esas pinturas que conformaron la serie \u201cPrimavera, verano, oto\u00f1o, invierno, sin tiempo\u201d se instalaron en el Parque Espa\u00f1a con curadur\u00eda de Marcela Romer en el marco de la muestra Yesterday Rozarte.<\/p>\n<p>En el 2012 trabaj\u00e9 en peque\u00f1o formato \u201cVentanas\u201d, obras que fueron instaladas en Mendoza con un montaje que recreaba una estrella de cinco puntas y en su centro el \u00e1rbol en\u00a0 invierno.<\/p>\n<p>Un a\u00f1o despu\u00e9s, en el 2013\u00a0 comenc\u00e9 la serie \u201c13 Puertas\u201d. La intenci\u00f3n fue pintar el \u201centre\u201d, el lugar de detenci\u00f3n, antes del cruce del umbral. Recordaba\u00a0 un cuento\u00a0 que hab\u00eda le\u00eddo hace mucho tiempo que narraba la historia de trece puertas, doce de las cuales pod\u00edan abrirse pero la \u00faltima, la n\u00famero trece, era la puerta prohibida. Y en este relato tambi\u00e9n encontraba una reminiscencia a trabajar con la idea, con el concepto \u201cpuerta\u201d como pasaje entre el afuera y el adentro y lo simb\u00f3lico que porta la acci\u00f3n de atravesar del otro lado.<\/p>\n<p>Contin\u00fao en la misma temporada con las series \u201cPaisajes\u201d: doce paneles de paisajes exteriores y doce paneles de paisajes interiores que representaban la conexi\u00f3n expresada en que <i>tanto es en el afuera como en el adentro<\/i>, el espejo del mirar precioso. Esta producci\u00f3n culmina en la idea del v\u00f3rtice y la conformaci\u00f3n de espirales.<\/p>\n<p>Vendr\u00e1n entonces las medidas \u00e1uricas y el recuerdo de mi maestro Juan Grela.\u00a0 V\u00f3rtices que se pliegan y despliegan hacia direcciones opuestas uniendo las contradicciones. Es la serie que sigue a \u201cMovimiento \u00e1urico\u201d que se mov\u00eda en el tiempo\u00a0 al tomar el devenir de las cuatro estaciones, sus colores y planteaba el interrogante sobre la causa y c\u00f3mo las leyes de la\u00a0 naturaleza crean los cambios.<\/p>\n<p>Podr\u00eda pensar que todas estas series y cuadros son pliegues y despliegues del pensamiento atravesado por el color y la forma en movimiento vivo. Traves\u00eda que con su sonoridad y sensibilidad va al encuentro de las diferentes densidades y vibraciones de los elementos en la materia. Trabajar en series me permite la individualidad de cada cuadro, con su concepto o titulo, y a su vez el concepto vivo de una idea devenida en pensamiento.<\/p>\n<\/address>\n","protected":false},"excerpt":{"rendered":"<p>Cristina Andrea Olgu\u00edn En la casa donde vivo la puerta est\u00e1 abierta para conectar con la naturaleza y ver tambi\u00e9n la propia.Comenc\u00e9 pintando mi \u00e1rbol, un viejo algarrobo durante todo el a\u00f1o 2010. Esas pinturas que conformaron la serie \u201cPrimavera, verano, oto\u00f1o, invierno, sin tiempo\u201d se instalaron en el Parque Espa\u00f1a con curadur\u00eda de Marcela [&hellip;]<\/p>\n","protected":false},"author":1,"featured_media":0,"parent":0,"menu_order":2,"comment_status":"open","ping_status":"open","template":"","meta":{"footnotes":""},"class_list":["post-2","page","type-page","status-publish","hentry"],"_links":{"self":[{"href":"http:\/\/crisolguin.com\/index.php?rest_route=\/wp\/v2\/pages\/2","targetHints":{"allow":["GET"]}}],"collection":[{"href":"http:\/\/crisolguin.com\/index.php?rest_route=\/wp\/v2\/pages"}],"about":[{"href":"http:\/\/crisolguin.com\/index.php?rest_route=\/wp\/v2\/types\/page"}],"author":[{"embeddable":true,"href":"http:\/\/crisolguin.com\/index.php?rest_route=\/wp\/v2\/users\/1"}],"replies":[{"embeddable":true,"href":"http:\/\/crisolguin.com\/index.php?rest_route=%2Fwp%2Fv2%2Fcomments&post=2"}],"version-history":[{"count":6,"href":"http:\/\/crisolguin.com\/index.php?rest_route=\/wp\/v2\/pages\/2\/revisions"}],"predecessor-version":[{"id":90,"href":"http:\/\/crisolguin.com\/index.php?rest_route=\/wp\/v2\/pages\/2\/revisions\/90"}],"wp:attachment":[{"href":"http:\/\/crisolguin.com\/index.php?rest_route=%2Fwp%2Fv2%2Fmedia&parent=2"}],"curies":[{"name":"wp","href":"https:\/\/api.w.org\/{rel}","templated":true}]}}